{"id":305,"date":"2020-03-23T16:35:05","date_gmt":"2020-03-23T15:35:05","guid":{"rendered":"https:\/\/zacs.be\/?page_id=305"},"modified":"2021-05-26T10:17:55","modified_gmt":"2021-05-26T08:17:55","slug":"auto-transport","status":"publish","type":"page","link":"https:\/\/zacs.be\/fr\/auto-transport\/","title":{"rendered":"Transport de voitures"},"content":{"rendered":"<div data-elementor-type=\"wp-page\" data-elementor-id=\"305\" class=\"elementor elementor-305\" data-elementor-post-type=\"page\">\n\t\t\t\t\t\t<section class=\"elementor-section elementor-top-section elementor-element elementor-element-54709cf6 elementor-reverse-tablet elementor-reverse-mobile elementor-section-boxed elementor-section-height-default elementor-section-height-default\" data-id=\"54709cf6\" data-element_type=\"section\" data-e-type=\"section\">\n\t\t\t\t\t\t<div class=\"elementor-container elementor-column-gap-default\">\n\t\t\t\t\t<div class=\"elementor-column elementor-col-100 elementor-top-column elementor-element elementor-element-4308bd68\" data-id=\"4308bd68\" data-element_type=\"column\" data-e-type=\"column\">\n\t\t\t<div class=\"elementor-widget-wrap elementor-element-populated\">\n\t\t\t\t\t\t<div class=\"elementor-element elementor-element-8bdf5c8 elementor-widget elementor-widget-heading\" data-id=\"8bdf5c8\" data-element_type=\"widget\" data-e-type=\"widget\" data-widget_type=\"heading.default\">\n\t\t\t\t<div class=\"elementor-widget-container\">\n\t\t\t\t\t<span class=\"elementor-heading-title elementor-size-default\">Expert dans toutes les solutions de fret<\/span>\t\t\t\t<\/div>\n\t\t\t\t<\/div>\n\t\t\t\t<div class=\"elementor-element elementor-element-65384695 elementor-invisible elementor-widget elementor-widget-heading\" data-id=\"65384695\" data-element_type=\"widget\" data-e-type=\"widget\" data-settings=\"{&quot;_animation&quot;:&quot;fadeInDown&quot;}\" data-widget_type=\"heading.default\">\n\t\t\t\t<div class=\"elementor-widget-container\">\n\t\t\t\t\t<h1 class=\"elementor-heading-title elementor-size-default\">Transport de voitures<\/h1>\t\t\t\t<\/div>\n\t\t\t\t<\/div>\n\t\t\t\t<section class=\"elementor-section elementor-inner-section elementor-element elementor-element-31d9d2c2 elementor-section-full_width elementor-section-height-default elementor-section-height-default\" data-id=\"31d9d2c2\" data-element_type=\"section\" data-e-type=\"section\">\n\t\t\t\t\t\t<div class=\"elementor-container elementor-column-gap-default\">\n\t\t\t\t\t<div class=\"elementor-column elementor-col-50 elementor-inner-column elementor-element elementor-element-64c92408\" data-id=\"64c92408\" data-element_type=\"column\" data-e-type=\"column\">\n\t\t\t<div class=\"elementor-widget-wrap elementor-element-populated\">\n\t\t\t\t\t\t<div class=\"elementor-element elementor-element-42067816 elementor-widget elementor-widget-text-editor\" data-id=\"42067816\" data-element_type=\"widget\" data-e-type=\"widget\" data-widget_type=\"text-editor.default\">\n\t\t\t\t<div class=\"elementor-widget-container\">\n\t\t\t\t\t\t\t\t\t<p>Zeebrugge est le port qui conna\u00eet la croissance la plus rapide en Europe. Chaque ann\u00e9e, pr\u00e8s de 3 millions de voitures, camionnettes et autres mat\u00e9riels roulants neufs provenant de l'Europe et d'ailleurs sont transport\u00e9s ici.<\/p>\t\t\t\t\t\t\t\t<\/div>\n\t\t\t\t<\/div>\n\t\t\t\t<div class=\"elementor-element elementor-element-7c40055c elementor-widget elementor-widget-text-editor\" data-id=\"7c40055c\" data-element_type=\"widget\" data-e-type=\"widget\" data-widget_type=\"text-editor.default\">\n\t\t\t\t<div class=\"elementor-widget-container\">\n\t\t\t\t\t\t\t\t\t<p>Chaque jour, les gigantesques navires \"roll on roll off\" d\u00e9chargent des milliers de voitures. Bien entendu, tous ces wagons ne sont pas destin\u00e9s au march\u00e9 belge. La majorit\u00e9 d'entre eux sont d\u00e9plac\u00e9s vers d'autres ports.<\/p><p>Et c'est ce pour quoi ZACS est si bon.\u00a0ZACS a plus de 20 ans d'exp\u00e9rience et travaille avec les transporteurs de voitures les plus modernes du march\u00e9, ce qui en fait le partenaire id\u00e9al pour tous les transports de voitures entre les ports de Zeebrugge et d'Anvers. Vous avez des questions ou vous souhaitez obtenir plus d'informations ? Contactez-nous rapidement !<\/p>\t\t\t\t\t\t\t\t<\/div>\n\t\t\t\t<\/div>\n\t\t\t\t<div class=\"elementor-element elementor-element-6825ea72 elementor-align-left elementor-tablet-align-center elementor-invisible elementor-widget elementor-widget-button\" data-id=\"6825ea72\" data-element_type=\"widget\" data-e-type=\"widget\" data-settings=\"{&quot;_animation&quot;:&quot;fadeInUp&quot;}\" data-widget_type=\"button.default\">\n\t\t\t\t<div class=\"elementor-widget-container\">\n\t\t\t\t\t\t\t\t\t<div class=\"elementor-button-wrapper\">\n\t\t\t\t\t<a class=\"elementor-button elementor-button-link elementor-size-sm\" href=\"https:\/\/zacs.be\/fr\/contact\/\">\n\t\t\t\t\t\t<span class=\"elementor-button-content-wrapper\">\n\t\t\t\t\t\t\t\t\t<span class=\"elementor-button-text\">Contactez-nous<\/span>\n\t\t\t\t\t<\/span>\n\t\t\t\t\t<\/a>\n\t\t\t\t<\/div>\n\t\t\t\t\t\t\t\t<\/div>\n\t\t\t\t<\/div>\n\t\t\t\t\t<\/div>\n\t\t<\/div>\n\t\t\t\t<div class=\"elementor-column elementor-col-50 elementor-inner-column elementor-element elementor-element-3dc66d6c elementor-hidden-tablet elementor-hidden-phone\" data-id=\"3dc66d6c\" data-element_type=\"column\" data-e-type=\"column\">\n\t\t\t<div class=\"elementor-widget-wrap elementor-element-populated\">\n\t\t\t\t\t\t<div class=\"elementor-element elementor-element-240589c4 elementor-widget elementor-widget-image-carousel\" data-id=\"240589c4\" data-element_type=\"widget\" data-e-type=\"widget\" data-settings=\"{&quot;slides_to_show&quot;:&quot;1&quot;,&quot;navigation&quot;:&quot;none&quot;,&quot;autoplay&quot;:&quot;yes&quot;,&quot;pause_on_hover&quot;:&quot;yes&quot;,&quot;pause_on_interaction&quot;:&quot;yes&quot;,&quot;autoplay_speed&quot;:5000,&quot;infinite&quot;:&quot;yes&quot;,&quot;effect&quot;:&quot;slide&quot;,&quot;speed&quot;:500}\" data-widget_type=\"image-carousel.default\">\n\t\t\t\t<div class=\"elementor-widget-container\">\n\t\t\t\t\t\t\t<div class=\"elementor-image-carousel-wrapper swiper\" role=\"region\" aria-roledescription=\"carousel\" aria-label=\"Carrousel d\u2019images\" dir=\"ltr\">\n\t\t\t<div class=\"elementor-image-carousel swiper-wrapper\" aria-live=\"off\">\n\t\t\t\t\t\t\t\t<div class=\"swiper-slide\" role=\"group\" aria-roledescription=\"slide\" aria-label=\"1 of 3\" data-no-translation-aria-label=\"\"><figure class=\"swiper-slide-inner\"><img decoding=\"async\" class=\"swiper-slide-image\" src=\"https:\/\/zacs.be\/wp-content\/uploads\/anormal-cars_cargp.jpg\" alt=\"Zeebrugge Abnormal Cargo Solutions | Auto transport - High &amp; Heavy\" \/><\/figure><\/div><div class=\"swiper-slide\" role=\"group\" aria-roledescription=\"slide\" aria-label=\"2 of 3\" data-no-translation-aria-label=\"\"><figure class=\"swiper-slide-inner\"><img decoding=\"async\" class=\"swiper-slide-image\" src=\"https:\/\/zacs.be\/wp-content\/uploads\/abnormal_cargo-solutions.jpg\" alt=\"Zeebrugge Abnormal Cargo Solutions | Auto transport - High &amp; Heavy\" \/><\/figure><\/div><div class=\"swiper-slide\" role=\"group\" aria-roledescription=\"slide\" aria-label=\"3 of 3\" data-no-translation-aria-label=\"\"><figure class=\"swiper-slide-inner\"><img decoding=\"async\" class=\"swiper-slide-image\" src=\"https:\/\/zacs.be\/wp-content\/uploads\/cars_zeebrugge.jpg\" alt=\"Zeebrugge Abnormal Cargo Solutions | Auto transport - High &amp; Heavy\" \/><\/figure><\/div>\t\t\t<\/div>\n\t\t\t\t\t\t\t\n\t\t\t\t\t\t\t\t\t<\/div>\n\t\t\t\t\t\t<\/div>\n\t\t\t\t<\/div>\n\t\t\t\t\t<\/div>\n\t\t<\/div>\n\t\t\t\t\t<\/div>\n\t\t<\/section>\n\t\t\t\t\t<\/div>\n\t\t<\/div>\n\t\t\t\t\t<\/div>\n\t\t<\/section>\n\t\t\t\t<section class=\"elementor-section elementor-top-section elementor-element elementor-element-46e2809f elementor-section-boxed elementor-section-height-default elementor-section-height-default\" data-id=\"46e2809f\" data-element_type=\"section\" data-e-type=\"section\">\n\t\t\t\t\t\t<div class=\"elementor-container elementor-column-gap-default\">\n\t\t\t\t\t<div class=\"elementor-column elementor-col-100 elementor-top-column elementor-element elementor-element-7239c3fd\" data-id=\"7239c3fd\" data-element_type=\"column\" data-e-type=\"column\">\n\t\t\t<div class=\"elementor-widget-wrap elementor-element-populated\">\n\t\t\t\t\t\t<div class=\"elementor-element elementor-element-3bbf2519 elementor-widget elementor-widget-gallery\" data-id=\"3bbf2519\" data-element_type=\"widget\" data-e-type=\"widget\" data-settings=\"{&quot;columns&quot;:3,&quot;lazyload&quot;:&quot;yes&quot;,&quot;gallery_layout&quot;:&quot;grid&quot;,&quot;columns_tablet&quot;:2,&quot;columns_mobile&quot;:1,&quot;gap&quot;:{&quot;unit&quot;:&quot;px&quot;,&quot;size&quot;:10,&quot;sizes&quot;:[]},&quot;gap_tablet&quot;:{&quot;unit&quot;:&quot;px&quot;,&quot;size&quot;:10,&quot;sizes&quot;:[]},&quot;gap_mobile&quot;:{&quot;unit&quot;:&quot;px&quot;,&quot;size&quot;:10,&quot;sizes&quot;:[]},&quot;link_to&quot;:&quot;file&quot;,&quot;aspect_ratio&quot;:&quot;3:2&quot;,&quot;overlay_background&quot;:&quot;yes&quot;,&quot;content_hover_animation&quot;:&quot;fade-in&quot;}\" data-widget_type=\"gallery.default\">\n\t\t\t\t<div class=\"elementor-widget-container\">\n\t\t\t\t\t\t\t<div class=\"elementor-gallery__container\">\n\t\t\t\t\t\t\t<a class=\"e-gallery-item elementor-gallery-item elementor-animated-content\" href=\"https:\/\/zacs.be\/wp-content\/uploads\/cars_zeebrugge.jpg\" data-elementor-open-lightbox=\"yes\" data-elementor-lightbox-slideshow=\"3bbf2519\" data-elementor-lightbox-title=\"cars_zeebrugge\" data-e-action-hash=\"#elementor-action%3Aaction%3Dlightbox%26settings%3DeyJpZCI6MjkzLCJ1cmwiOiJodHRwczpcL1wvemFjcy5iZVwvd3AtY29udGVudFwvdXBsb2Fkc1wvY2Fyc196ZWVicnVnZ2UuanBnIiwic2xpZGVzaG93IjoiM2JiZjI1MTkifQ%3D%3D\">\n\t\t\t\t\t<div class=\"e-gallery-image elementor-gallery-item__image\" data-thumbnail=\"https:\/\/zacs.be\/wp-content\/uploads\/cars_zeebrugge.jpg\" data-width=\"1600\" data-height=\"1200\" aria-label=\"Zeebrugge Abnormal Cargo Solutions | Auto transport - High &amp; Heavy\" role=\"img\" ><\/div>\n\t\t\t\t\t\t\t\t\t\t\t<div class=\"elementor-gallery-item__overlay\"><\/div>\n\t\t\t\t\t\t\t\t\t\t\t\t\t\t<\/a>\n\t\t\t\t\t\t\t<a class=\"e-gallery-item elementor-gallery-item elementor-animated-content\" href=\"https:\/\/zacs.be\/wp-content\/uploads\/abnormal_cargo-solutions.jpg\" data-elementor-open-lightbox=\"yes\" data-elementor-lightbox-slideshow=\"3bbf2519\" data-elementor-lightbox-title=\"abnormal_cargo-solutions\" data-e-action-hash=\"#elementor-action%3Aaction%3Dlightbox%26settings%3DeyJpZCI6MjkwLCJ1cmwiOiJodHRwczpcL1wvemFjcy5iZVwvd3AtY29udGVudFwvdXBsb2Fkc1wvYWJub3JtYWxfY2FyZ28tc29sdXRpb25zLmpwZyIsInNsaWRlc2hvdyI6IjNiYmYyNTE5In0%3D\">\n\t\t\t\t\t<div class=\"e-gallery-image elementor-gallery-item__image\" data-thumbnail=\"https:\/\/zacs.be\/wp-content\/uploads\/abnormal_cargo-solutions.jpg\" data-width=\"800\" data-height=\"600\" aria-label=\"Zeebrugge Abnormal Cargo Solutions | Auto transport - High &amp; Heavy\" role=\"img\" ><\/div>\n\t\t\t\t\t\t\t\t\t\t\t<div class=\"elementor-gallery-item__overlay\"><\/div>\n\t\t\t\t\t\t\t\t\t\t\t\t\t\t<\/a>\n\t\t\t\t\t\t\t<a class=\"e-gallery-item elementor-gallery-item elementor-animated-content\" href=\"https:\/\/zacs.be\/wp-content\/uploads\/anormal-cars_cargp.jpg\" data-elementor-open-lightbox=\"yes\" data-elementor-lightbox-slideshow=\"3bbf2519\" data-elementor-lightbox-title=\"anormal-cars_cargp\" data-e-action-hash=\"#elementor-action%3Aaction%3Dlightbox%26settings%3DeyJpZCI6MjkyLCJ1cmwiOiJodHRwczpcL1wvemFjcy5iZVwvd3AtY29udGVudFwvdXBsb2Fkc1wvYW5vcm1hbC1jYXJzX2NhcmdwLmpwZyIsInNsaWRlc2hvdyI6IjNiYmYyNTE5In0%3D\">\n\t\t\t\t\t<div class=\"e-gallery-image elementor-gallery-item__image\" data-thumbnail=\"https:\/\/zacs.be\/wp-content\/uploads\/anormal-cars_cargp.jpg\" data-width=\"640\" data-height=\"480\" aria-label=\"Zeebrugge Abnormal Cargo Solutions | Auto transport - High &amp; Heavy\" role=\"img\" ><\/div>\n\t\t\t\t\t\t\t\t\t\t\t<div class=\"elementor-gallery-item__overlay\"><\/div>\n\t\t\t\t\t\t\t\t\t\t\t\t\t\t<\/a>\n\t\t\t\t\t<\/div>\n\t\t\t\t\t<\/div>\n\t\t\t\t<\/div>\n\t\t\t\t\t<\/div>\n\t\t<\/div>\n\t\t\t\t\t<\/div>\n\t\t<\/section>\n\t\t\t\t<\/div>","protected":false},"excerpt":{"rendered":"<p>Expert in all cargo solutions Auto Transport Zeebrugge is de snelst groeiende haven van Europa. Jaarlijks worden hier bijna 3 miljoen nieuwe wagens, bestelwagens en ander rollend materiaal van binnen en buiten Europa vervoerd. Dagelijks lossen de reusachtige \u2018roll on roll off&#8217;-schepen duizenden wagens. Uiteraard zijn al deze wagens niet voor de Belgische markt bestemd. [&hellip;]<\/p>\n","protected":false},"author":1,"featured_media":295,"parent":0,"menu_order":0,"comment_status":"closed","ping_status":"closed","template":"elementor_header_footer","meta":{"footnotes":""},"class_list":["post-305","page","type-page","status-publish","has-post-thumbnail","hentry"],"_links":{"self":[{"href":"https:\/\/zacs.be\/fr\/wp-json\/wp\/v2\/pages\/305","targetHints":{"allow":["GET"]}}],"collection":[{"href":"https:\/\/zacs.be\/fr\/wp-json\/wp\/v2\/pages"}],"about":[{"href":"https:\/\/zacs.be\/fr\/wp-json\/wp\/v2\/types\/page"}],"author":[{"embeddable":true,"href":"https:\/\/zacs.be\/fr\/wp-json\/wp\/v2\/users\/1"}],"replies":[{"embeddable":true,"href":"https:\/\/zacs.be\/fr\/wp-json\/wp\/v2\/comments?post=305"}],"version-history":[{"count":0,"href":"https:\/\/zacs.be\/fr\/wp-json\/wp\/v2\/pages\/305\/revisions"}],"wp:featuredmedia":[{"embeddable":true,"href":"https:\/\/zacs.be\/fr\/wp-json\/wp\/v2\/media\/295"}],"wp:attachment":[{"href":"https:\/\/zacs.be\/fr\/wp-json\/wp\/v2\/media?parent=305"}],"curies":[{"name":"wp","href":"https:\/\/api.w.org\/{rel}","templated":true}]}}