{"id":318,"date":"2020-03-23T16:37:39","date_gmt":"2020-03-23T15:37:39","guid":{"rendered":"https:\/\/zacs.be\/?page_id=318"},"modified":"2021-05-26T10:36:57","modified_gmt":"2021-05-26T08:36:57","slug":"high-heavy","status":"publish","type":"page","link":"https:\/\/zacs.be\/fr\/high-heavy\/","title":{"rendered":"Marchandises lourdes"},"content":{"rendered":"<div data-elementor-type=\"wp-page\" data-elementor-id=\"318\" class=\"elementor elementor-318\" data-elementor-post-type=\"page\">\n\t\t\t\t\t\t<section class=\"elementor-section elementor-top-section elementor-element elementor-element-157dc1c8 elementor-reverse-tablet elementor-reverse-mobile elementor-section-boxed elementor-section-height-default elementor-section-height-default\" data-id=\"157dc1c8\" data-element_type=\"section\" data-e-type=\"section\">\n\t\t\t\t\t\t<div class=\"elementor-container elementor-column-gap-default\">\n\t\t\t\t\t<div class=\"elementor-column elementor-col-100 elementor-top-column elementor-element elementor-element-60c6685d\" data-id=\"60c6685d\" data-element_type=\"column\" data-e-type=\"column\">\n\t\t\t<div class=\"elementor-widget-wrap elementor-element-populated\">\n\t\t\t\t\t\t<div class=\"elementor-element elementor-element-de32a7f elementor-widget elementor-widget-heading\" data-id=\"de32a7f\" data-element_type=\"widget\" data-e-type=\"widget\" data-widget_type=\"heading.default\">\n\t\t\t\t<div class=\"elementor-widget-container\">\n\t\t\t\t\t<span class=\"elementor-heading-title elementor-size-default\">Transport de<\/span>\t\t\t\t<\/div>\n\t\t\t\t<\/div>\n\t\t\t\t<div class=\"elementor-element elementor-element-2030614d elementor-invisible elementor-widget elementor-widget-heading\" data-id=\"2030614d\" data-element_type=\"widget\" data-e-type=\"widget\" data-settings=\"{&quot;_animation&quot;:&quot;fadeInDown&quot;}\" data-widget_type=\"heading.default\">\n\t\t\t\t<div class=\"elementor-widget-container\">\n\t\t\t\t\t<h1 class=\"elementor-heading-title elementor-size-default\">High &amp; Heavy<\/h1>\t\t\t\t<\/div>\n\t\t\t\t<\/div>\n\t\t\t\t<section class=\"elementor-section elementor-inner-section elementor-element elementor-element-21efc4a5 elementor-section-full_width elementor-section-height-default elementor-section-height-default\" data-id=\"21efc4a5\" data-element_type=\"section\" data-e-type=\"section\">\n\t\t\t\t\t\t<div class=\"elementor-container elementor-column-gap-default\">\n\t\t\t\t\t<div class=\"elementor-column elementor-col-50 elementor-inner-column elementor-element elementor-element-44edfab2\" data-id=\"44edfab2\" data-element_type=\"column\" data-e-type=\"column\">\n\t\t\t<div class=\"elementor-widget-wrap elementor-element-populated\">\n\t\t\t\t\t\t<div class=\"elementor-element elementor-element-7df3cbd1 elementor-widget elementor-widget-text-editor\" data-id=\"7df3cbd1\" data-element_type=\"widget\" data-e-type=\"widget\" data-widget_type=\"text-editor.default\">\n\t\t\t\t<div class=\"elementor-widget-container\">\n\t\t\t\t\t\t\t\t\t<p>Outre les voitures, Zeebrugge d\u00e9charge \u00e9galement un flux continu d'autres machines lourdes, telles que des grues, des tracteurs, des bulldozers, des cargaisons statiques et d'autres grandes machines. ZACS poss\u00e8de des ann\u00e9es d'expertise et l'\u00e9quipement ad\u00e9quat en interne pour transporter ces cargaisons difficiles sans aucun probl\u00e8me.<\/p>\t\t\t\t\t\t\t\t<\/div>\n\t\t\t\t<\/div>\n\t\t\t\t<div class=\"elementor-element elementor-element-7204a412 elementor-widget elementor-widget-text-editor\" data-id=\"7204a412\" data-element_type=\"widget\" data-e-type=\"widget\" data-widget_type=\"text-editor.default\">\n\t\t\t\t<div class=\"elementor-widget-container\">\n\t\t\t\t\t\t\t\t\t<p>Des machines telles que Caterpillar, Doosan, Case, John Deere et autres sont charg\u00e9es, transport\u00e9es et d\u00e9charg\u00e9es quotidiennement par ZACS. L'entreprise est donc lou\u00e9e pour sa grande flexibilit\u00e9 et son savoir-faire.<\/p><p>Vous souhaitez d\u00e9couvrir ce que ZACS peut faire pour vous ? Contactez-nous !<\/p>\t\t\t\t\t\t\t\t<\/div>\n\t\t\t\t<\/div>\n\t\t\t\t<div class=\"elementor-element elementor-element-99577c6 elementor-align-left elementor-tablet-align-center elementor-invisible elementor-widget elementor-widget-button\" data-id=\"99577c6\" data-element_type=\"widget\" data-e-type=\"widget\" data-settings=\"{&quot;_animation&quot;:&quot;fadeInUp&quot;}\" data-widget_type=\"button.default\">\n\t\t\t\t<div class=\"elementor-widget-container\">\n\t\t\t\t\t\t\t\t\t<div class=\"elementor-button-wrapper\">\n\t\t\t\t\t<a class=\"elementor-button elementor-button-link elementor-size-sm\" href=\"https:\/\/zacs.be\/fr\/contact\/\">\n\t\t\t\t\t\t<span class=\"elementor-button-content-wrapper\">\n\t\t\t\t\t\t\t\t\t<span class=\"elementor-button-text\">Contactez-nous<\/span>\n\t\t\t\t\t<\/span>\n\t\t\t\t\t<\/a>\n\t\t\t\t<\/div>\n\t\t\t\t\t\t\t\t<\/div>\n\t\t\t\t<\/div>\n\t\t\t\t\t<\/div>\n\t\t<\/div>\n\t\t\t\t<div class=\"elementor-column elementor-col-50 elementor-inner-column elementor-element elementor-element-16da808 elementor-hidden-tablet elementor-hidden-phone\" data-id=\"16da808\" data-element_type=\"column\" data-e-type=\"column\">\n\t\t\t<div class=\"elementor-widget-wrap elementor-element-populated\">\n\t\t\t\t\t\t<div class=\"elementor-element elementor-element-2625512 elementor-widget elementor-widget-image-carousel\" data-id=\"2625512\" data-element_type=\"widget\" data-e-type=\"widget\" data-settings=\"{&quot;slides_to_show&quot;:&quot;1&quot;,&quot;navigation&quot;:&quot;none&quot;,&quot;autoplay&quot;:&quot;yes&quot;,&quot;pause_on_hover&quot;:&quot;yes&quot;,&quot;pause_on_interaction&quot;:&quot;yes&quot;,&quot;autoplay_speed&quot;:5000,&quot;infinite&quot;:&quot;yes&quot;,&quot;effect&quot;:&quot;slide&quot;,&quot;speed&quot;:500}\" data-widget_type=\"image-carousel.default\">\n\t\t\t\t<div class=\"elementor-widget-container\">\n\t\t\t\t\t\t\t<div class=\"elementor-image-carousel-wrapper swiper\" role=\"region\" aria-roledescription=\"carousel\" aria-label=\"Afbeelding carrousel\" dir=\"ltr\">\n\t\t\t<div class=\"elementor-image-carousel swiper-wrapper\" aria-live=\"off\">\n\t\t\t\t\t\t\t\t<div class=\"swiper-slide\" role=\"group\" aria-roledescription=\"slide\" aria-label=\"1 van 3\"><figure class=\"swiper-slide-inner\"><img decoding=\"async\" class=\"swiper-slide-image\" src=\"https:\/\/zacs.be\/wp-content\/uploads\/heavtt.jpg\" alt=\"Zeebrugge Abnormal Cargo Solutions | Auto transport - High &amp; Heavy\" \/><\/figure><\/div><div class=\"swiper-slide\" role=\"group\" aria-roledescription=\"slide\" aria-label=\"2 van 3\"><figure class=\"swiper-slide-inner\"><img decoding=\"async\" class=\"swiper-slide-image\" src=\"https:\/\/zacs.be\/wp-content\/uploads\/red_high-heavy.jpg\" alt=\"Referenties : gerenommeerde bedrijven (transport van wagens SNCB)\" \/><\/figure><\/div><div class=\"swiper-slide\" role=\"group\" aria-roledescription=\"slide\" aria-label=\"3 van 3\"><figure class=\"swiper-slide-inner\"><img decoding=\"async\" class=\"swiper-slide-image\" src=\"https:\/\/zacs.be\/wp-content\/uploads\/highhh.jpg\" alt=\"Zeebrugge Abnormal Cargo Solutions | Auto transport - High &amp; Heavy\" \/><\/figure><\/div>\t\t\t<\/div>\n\t\t\t\t\t\t\t\n\t\t\t\t\t\t\t\t\t<\/div>\n\t\t\t\t\t\t<\/div>\n\t\t\t\t<\/div>\n\t\t\t\t\t<\/div>\n\t\t<\/div>\n\t\t\t\t\t<\/div>\n\t\t<\/section>\n\t\t\t\t\t<\/div>\n\t\t<\/div>\n\t\t\t\t\t<\/div>\n\t\t<\/section>\n\t\t\t\t<section class=\"elementor-section elementor-top-section elementor-element elementor-element-141e2b3 elementor-section-boxed elementor-section-height-default elementor-section-height-default\" data-id=\"141e2b3\" data-element_type=\"section\" data-e-type=\"section\">\n\t\t\t\t\t\t<div class=\"elementor-container elementor-column-gap-default\">\n\t\t\t\t\t<div class=\"elementor-column elementor-col-100 elementor-top-column elementor-element elementor-element-f88a4c7\" data-id=\"f88a4c7\" data-element_type=\"column\" data-e-type=\"column\">\n\t\t\t<div class=\"elementor-widget-wrap elementor-element-populated\">\n\t\t\t\t\t\t<div class=\"elementor-element elementor-element-44405c0 elementor-widget elementor-widget-gallery\" data-id=\"44405c0\" data-element_type=\"widget\" data-e-type=\"widget\" data-settings=\"{&quot;columns&quot;:3,&quot;lazyload&quot;:&quot;yes&quot;,&quot;gallery_layout&quot;:&quot;grid&quot;,&quot;columns_tablet&quot;:2,&quot;columns_mobile&quot;:1,&quot;gap&quot;:{&quot;unit&quot;:&quot;px&quot;,&quot;size&quot;:10,&quot;sizes&quot;:[]},&quot;gap_tablet&quot;:{&quot;unit&quot;:&quot;px&quot;,&quot;size&quot;:10,&quot;sizes&quot;:[]},&quot;gap_mobile&quot;:{&quot;unit&quot;:&quot;px&quot;,&quot;size&quot;:10,&quot;sizes&quot;:[]},&quot;link_to&quot;:&quot;file&quot;,&quot;aspect_ratio&quot;:&quot;3:2&quot;,&quot;overlay_background&quot;:&quot;yes&quot;,&quot;content_hover_animation&quot;:&quot;fade-in&quot;}\" data-widget_type=\"gallery.default\">\n\t\t\t\t<div class=\"elementor-widget-container\">\n\t\t\t\t\t\t\t<div class=\"elementor-gallery__container\">\n\t\t\t\t\t\t\t<a class=\"e-gallery-item elementor-gallery-item elementor-animated-content\" href=\"https:\/\/zacs.be\/wp-content\/uploads\/high-heavy_solutions.jpg\" data-elementor-open-lightbox=\"yes\" data-elementor-lightbox-slideshow=\"44405c0\" data-elementor-lightbox-title=\"high-heavy_solutions\" data-e-action-hash=\"#elementor-action%3Aaction%3Dlightbox%26settings%3DeyJpZCI6MzU1LCJ1cmwiOiJodHRwczpcL1wvemFjcy5iZVwvd3AtY29udGVudFwvdXBsb2Fkc1wvaGlnaC1oZWF2eV9zb2x1dGlvbnMuanBnIiwic2xpZGVzaG93IjoiNDQ0MDVjMCJ9\">\n\t\t\t\t\t<div class=\"e-gallery-image elementor-gallery-item__image\" data-thumbnail=\"https:\/\/zacs.be\/wp-content\/uploads\/high-heavy_solutions.jpg\" data-width=\"800\" data-height=\"600\" aria-label=\"Zeebrugge Abnormal Cargo Solutions | Auto transport - High &amp; Heavy\" role=\"img\" ><\/div>\n\t\t\t\t\t\t\t\t\t\t\t<div class=\"elementor-gallery-item__overlay\"><\/div>\n\t\t\t\t\t\t\t\t\t\t\t\t\t\t<\/a>\n\t\t\t\t\t\t\t<a class=\"e-gallery-item elementor-gallery-item elementor-animated-content\" href=\"https:\/\/zacs.be\/wp-content\/uploads\/red_high-heavy.jpg\" data-elementor-open-lightbox=\"yes\" data-elementor-lightbox-slideshow=\"44405c0\" data-elementor-lightbox-title=\"ZACS kan heel wat gerenommeerde bedrijven tot haar klanten rekenen\" data-e-action-hash=\"#elementor-action%3Aaction%3Dlightbox%26settings%3DeyJpZCI6MzQ2LCJ1cmwiOiJodHRwczpcL1wvemFjcy5iZVwvd3AtY29udGVudFwvdXBsb2Fkc1wvcmVkX2hpZ2gtaGVhdnkuanBnIiwic2xpZGVzaG93IjoiNDQ0MDVjMCJ9\">\n\t\t\t\t\t<div class=\"e-gallery-image elementor-gallery-item__image\" data-thumbnail=\"https:\/\/zacs.be\/wp-content\/uploads\/red_high-heavy.jpg\" data-width=\"800\" data-height=\"600\" aria-label=\"Referenties : gerenommeerde bedrijven (transport van wagens SNCB)\" role=\"img\" ><\/div>\n\t\t\t\t\t\t\t\t\t\t\t<div class=\"elementor-gallery-item__overlay\"><\/div>\n\t\t\t\t\t\t\t\t\t\t\t\t\t\t<\/a>\n\t\t\t\t\t\t\t<a class=\"e-gallery-item elementor-gallery-item elementor-animated-content\" href=\"https:\/\/zacs.be\/wp-content\/uploads\/cargo-solutions.jpg\" data-elementor-open-lightbox=\"yes\" data-elementor-lightbox-slideshow=\"44405c0\" data-elementor-lightbox-title=\"cargo-solutions\" data-e-action-hash=\"#elementor-action%3Aaction%3Dlightbox%26settings%3DeyJpZCI6MzUwLCJ1cmwiOiJodHRwczpcL1wvemFjcy5iZVwvd3AtY29udGVudFwvdXBsb2Fkc1wvY2FyZ28tc29sdXRpb25zLmpwZyIsInNsaWRlc2hvdyI6IjQ0NDA1YzAifQ%3D%3D\">\n\t\t\t\t\t<div class=\"e-gallery-image elementor-gallery-item__image\" data-thumbnail=\"https:\/\/zacs.be\/wp-content\/uploads\/cargo-solutions.jpg\" data-width=\"800\" data-height=\"600\" aria-label=\"Zeebrugge Abnormal Cargo Solutions | Auto transport - High &amp; Heavy\" role=\"img\" ><\/div>\n\t\t\t\t\t\t\t\t\t\t\t<div class=\"elementor-gallery-item__overlay\"><\/div>\n\t\t\t\t\t\t\t\t\t\t\t\t\t\t<\/a>\n\t\t\t\t\t\t\t<a class=\"e-gallery-item elementor-gallery-item elementor-animated-content\" href=\"https:\/\/zacs.be\/wp-content\/uploads\/highhh.jpg\" data-elementor-open-lightbox=\"yes\" data-elementor-lightbox-slideshow=\"44405c0\" data-elementor-lightbox-title=\"highhh\" data-e-action-hash=\"#elementor-action%3Aaction%3Dlightbox%26settings%3DeyJpZCI6MzQ1LCJ1cmwiOiJodHRwczpcL1wvemFjcy5iZVwvd3AtY29udGVudFwvdXBsb2Fkc1wvaGlnaGhoLmpwZyIsInNsaWRlc2hvdyI6IjQ0NDA1YzAifQ%3D%3D\">\n\t\t\t\t\t<div class=\"e-gallery-image elementor-gallery-item__image\" data-thumbnail=\"https:\/\/zacs.be\/wp-content\/uploads\/highhh.jpg\" data-width=\"800\" data-height=\"600\" aria-label=\"Zeebrugge Abnormal Cargo Solutions | Auto transport - High &amp; Heavy\" role=\"img\" ><\/div>\n\t\t\t\t\t\t\t\t\t\t\t<div class=\"elementor-gallery-item__overlay\"><\/div>\n\t\t\t\t\t\t\t\t\t\t\t\t\t\t<\/a>\n\t\t\t\t\t\t\t<a class=\"e-gallery-item elementor-gallery-item elementor-animated-content\" href=\"https:\/\/zacs.be\/wp-content\/uploads\/cargo-heavy.jpg\" data-elementor-open-lightbox=\"yes\" data-elementor-lightbox-slideshow=\"44405c0\" data-elementor-lightbox-title=\"cargo-heavy\" data-e-action-hash=\"#elementor-action%3Aaction%3Dlightbox%26settings%3DeyJpZCI6MzQ5LCJ1cmwiOiJodHRwczpcL1wvemFjcy5iZVwvd3AtY29udGVudFwvdXBsb2Fkc1wvY2FyZ28taGVhdnkuanBnIiwic2xpZGVzaG93IjoiNDQ0MDVjMCJ9\">\n\t\t\t\t\t<div class=\"e-gallery-image elementor-gallery-item__image\" data-thumbnail=\"https:\/\/zacs.be\/wp-content\/uploads\/cargo-heavy.jpg\" data-width=\"800\" data-height=\"600\" aria-label=\"Zeebrugge Abnormal Cargo Solutions | Auto transport - High &amp; Heavy\" role=\"img\" ><\/div>\n\t\t\t\t\t\t\t\t\t\t\t<div class=\"elementor-gallery-item__overlay\"><\/div>\n\t\t\t\t\t\t\t\t\t\t\t\t\t\t<\/a>\n\t\t\t\t\t\t\t<a class=\"e-gallery-item elementor-gallery-item elementor-animated-content\" href=\"https:\/\/zacs.be\/wp-content\/uploads\/highh.jpg\" data-elementor-open-lightbox=\"yes\" data-elementor-lightbox-slideshow=\"44405c0\" data-elementor-lightbox-title=\"highh\" data-e-action-hash=\"#elementor-action%3Aaction%3Dlightbox%26settings%3DeyJpZCI6MzU0LCJ1cmwiOiJodHRwczpcL1wvemFjcy5iZVwvd3AtY29udGVudFwvdXBsb2Fkc1wvaGlnaGguanBnIiwic2xpZGVzaG93IjoiNDQ0MDVjMCJ9\">\n\t\t\t\t\t<div class=\"e-gallery-image elementor-gallery-item__image\" data-thumbnail=\"https:\/\/zacs.be\/wp-content\/uploads\/highh.jpg\" data-width=\"800\" data-height=\"600\" aria-label=\"Zeebrugge Abnormal Cargo Solutions | Auto transport - High &amp; Heavy\" role=\"img\" ><\/div>\n\t\t\t\t\t\t\t\t\t\t\t<div class=\"elementor-gallery-item__overlay\"><\/div>\n\t\t\t\t\t\t\t\t\t\t\t\t\t\t<\/a>\n\t\t\t\t\t\t\t<a class=\"e-gallery-item elementor-gallery-item elementor-animated-content\" href=\"https:\/\/zacs.be\/wp-content\/uploads\/heavtt.jpg\" data-elementor-open-lightbox=\"yes\" data-elementor-lightbox-slideshow=\"44405c0\" data-elementor-lightbox-title=\"heavtt\" data-e-action-hash=\"#elementor-action%3Aaction%3Dlightbox%26settings%3DeyJpZCI6MzUxLCJ1cmwiOiJodHRwczpcL1wvemFjcy5iZVwvd3AtY29udGVudFwvdXBsb2Fkc1wvaGVhdnR0LmpwZyIsInNsaWRlc2hvdyI6IjQ0NDA1YzAifQ%3D%3D\">\n\t\t\t\t\t<div class=\"e-gallery-image elementor-gallery-item__image\" data-thumbnail=\"https:\/\/zacs.be\/wp-content\/uploads\/heavtt.jpg\" data-width=\"800\" data-height=\"600\" aria-label=\"Zeebrugge Abnormal Cargo Solutions | Auto transport - High &amp; Heavy\" role=\"img\" ><\/div>\n\t\t\t\t\t\t\t\t\t\t\t<div class=\"elementor-gallery-item__overlay\"><\/div>\n\t\t\t\t\t\t\t\t\t\t\t\t\t\t<\/a>\n\t\t\t\t\t\t\t<a class=\"e-gallery-item elementor-gallery-item elementor-animated-content\" href=\"https:\/\/zacs.be\/wp-content\/uploads\/highandheavyyy.jpg\" data-elementor-open-lightbox=\"yes\" data-elementor-lightbox-slideshow=\"44405c0\" data-elementor-lightbox-title=\"highandheavyyy\" data-e-action-hash=\"#elementor-action%3Aaction%3Dlightbox%26settings%3DeyJpZCI6MzUzLCJ1cmwiOiJodHRwczpcL1wvemFjcy5iZVwvd3AtY29udGVudFwvdXBsb2Fkc1wvaGlnaGFuZGhlYXZ5eXkuanBnIiwic2xpZGVzaG93IjoiNDQ0MDVjMCJ9\">\n\t\t\t\t\t<div class=\"e-gallery-image elementor-gallery-item__image\" data-thumbnail=\"https:\/\/zacs.be\/wp-content\/uploads\/highandheavyyy.jpg\" data-width=\"800\" data-height=\"600\" aria-label=\"Zeebrugge Abnormal Cargo Solutions | Auto transport - High &amp; Heavy\" role=\"img\" ><\/div>\n\t\t\t\t\t\t\t\t\t\t\t<div class=\"elementor-gallery-item__overlay\"><\/div>\n\t\t\t\t\t\t\t\t\t\t\t\t\t\t<\/a>\n\t\t\t\t\t\t\t<a class=\"e-gallery-item elementor-gallery-item elementor-animated-content\" href=\"https:\/\/zacs.be\/wp-content\/uploads\/big-one-high-heavy.jpg\" data-elementor-open-lightbox=\"yes\" data-elementor-lightbox-slideshow=\"44405c0\" data-elementor-lightbox-title=\"big-one-high-heavy\" data-e-action-hash=\"#elementor-action%3Aaction%3Dlightbox%26settings%3DeyJpZCI6MzQ4LCJ1cmwiOiJodHRwczpcL1wvemFjcy5iZVwvd3AtY29udGVudFwvdXBsb2Fkc1wvYmlnLW9uZS1oaWdoLWhlYXZ5LmpwZyIsInNsaWRlc2hvdyI6IjQ0NDA1YzAifQ%3D%3D\">\n\t\t\t\t\t<div class=\"e-gallery-image elementor-gallery-item__image\" data-thumbnail=\"https:\/\/zacs.be\/wp-content\/uploads\/big-one-high-heavy.jpg\" data-width=\"800\" data-height=\"600\" aria-label=\"Zeebrugge Abnormal Cargo Solutions | Auto transport - High &amp; Heavy\" role=\"img\" ><\/div>\n\t\t\t\t\t\t\t\t\t\t\t<div class=\"elementor-gallery-item__overlay\"><\/div>\n\t\t\t\t\t\t\t\t\t\t\t\t\t\t<\/a>\n\t\t\t\t\t<\/div>\n\t\t\t\t\t<\/div>\n\t\t\t\t<\/div>\n\t\t\t\t\t<\/div>\n\t\t<\/div>\n\t\t\t\t\t<\/div>\n\t\t<\/section>\n\t\t\t\t<\/div>","protected":false},"excerpt":{"rendered":"<p>Transport van High &amp; Heavy Zeebrugge lost naast wagens ook een continue stroom van andere High &amp; Heavy-machines, zoals kranen, tractoren, bulldozers, statische cargo&#8217;s en andere grote machines. ZACS heeft jarenlange expertise \u00e9n het juiste materiaal in huis om deze moeilijke cargo vlekkeloos te vervoeren. Machines als Caterpillar, Doosan, Case, John Deere en andere worden [&hellip;]<\/p>\n","protected":false},"author":1,"featured_media":0,"parent":0,"menu_order":0,"comment_status":"closed","ping_status":"closed","template":"elementor_header_footer","meta":{"footnotes":""},"class_list":["post-318","page","type-page","status-publish","hentry"],"_links":{"self":[{"href":"https:\/\/zacs.be\/fr\/wp-json\/wp\/v2\/pages\/318","targetHints":{"allow":["GET"]}}],"collection":[{"href":"https:\/\/zacs.be\/fr\/wp-json\/wp\/v2\/pages"}],"about":[{"href":"https:\/\/zacs.be\/fr\/wp-json\/wp\/v2\/types\/page"}],"author":[{"embeddable":true,"href":"https:\/\/zacs.be\/fr\/wp-json\/wp\/v2\/users\/1"}],"replies":[{"embeddable":true,"href":"https:\/\/zacs.be\/fr\/wp-json\/wp\/v2\/comments?post=318"}],"version-history":[{"count":0,"href":"https:\/\/zacs.be\/fr\/wp-json\/wp\/v2\/pages\/318\/revisions"}],"wp:attachment":[{"href":"https:\/\/zacs.be\/fr\/wp-json\/wp\/v2\/media?parent=318"}],"curies":[{"name":"wp","href":"https:\/\/api.w.org\/{rel}","templated":true}]}}